{"id":6013,"date":"2025-01-17T17:34:06","date_gmt":"2025-01-17T16:34:06","guid":{"rendered":"https:\/\/www.gieres-rando.fr\/?page_id=6013"},"modified":"2025-12-17T10:53:40","modified_gmt":"2025-12-17T09:53:40","slug":"proces-verbal-ag-du-18-novembre-2024","status":"publish","type":"page","link":"https:\/\/www.gieres-rando.fr\/index.php\/proces-verbal-ag-du-18-novembre-2024\/","title":{"rendered":"PROCES VERBAL AG du 17 Novembre 2025"},"content":{"rendered":"Vous devez \u00eatre connect\u00e9 pour voir ce contenu.","protected":false},"excerpt":{"rendered":"Vous devez \u00eatre connect\u00e9 pour voir ce contenu.","protected":false},"author":37,"featured_media":0,"parent":0,"menu_order":0,"comment_status":"closed","ping_status":"closed","template":"","meta":{"footnotes":""},"class_list":["post-6013","page","type-page","status-publish","hentry"],"_links":{"self":[{"href":"https:\/\/www.gieres-rando.fr\/index.php\/wp-json\/wp\/v2\/pages\/6013","targetHints":{"allow":["GET"]}}],"collection":[{"href":"https:\/\/www.gieres-rando.fr\/index.php\/wp-json\/wp\/v2\/pages"}],"about":[{"href":"https:\/\/www.gieres-rando.fr\/index.php\/wp-json\/wp\/v2\/types\/page"}],"author":[{"embeddable":true,"href":"https:\/\/www.gieres-rando.fr\/index.php\/wp-json\/wp\/v2\/users\/37"}],"replies":[{"embeddable":true,"href":"https:\/\/www.gieres-rando.fr\/index.php\/wp-json\/wp\/v2\/comments?post=6013"}],"version-history":[{"count":3,"href":"https:\/\/www.gieres-rando.fr\/index.php\/wp-json\/wp\/v2\/pages\/6013\/revisions"}],"predecessor-version":[{"id":6902,"href":"https:\/\/www.gieres-rando.fr\/index.php\/wp-json\/wp\/v2\/pages\/6013\/revisions\/6902"}],"wp:attachment":[{"href":"https:\/\/www.gieres-rando.fr\/index.php\/wp-json\/wp\/v2\/media?parent=6013"}],"curies":[{"name":"wp","href":"https:\/\/api.w.org\/{rel}","templated":true}]}}