{"id":47,"date":"2018-11-16T15:03:07","date_gmt":"2018-11-16T14:03:07","guid":{"rendered":"http:\/\/localhost\/WP\/?page_id=47"},"modified":"2025-09-03T15:04:57","modified_gmt":"2025-09-03T13:04:57","slug":"lassociation","status":"publish","type":"page","link":"https:\/\/www.gieres-rando.fr\/index.php\/lassociation\/","title":{"rendered":"L&rsquo;association"},"content":{"rendered":"\n<p style=\"text-align: center;\"><strong><span style=\"font-family: 'comic sans ms', sans-serif; font-size: 18pt;\">Association Gi\u00e8res Randonn\u00e9e<\/span> N\u00b0 W381007459<\/p>\n\n\n\n<p>Notre association est r\u00e9gie par la loi du 1er juillet 1901.<\/p>\n\n\n\n<p>Cr\u00e9\u00e9e<em> <\/em>en 1995&nbsp;l\u2019association Gi\u00e8res-Randonn\u00e9es propose des sorties de randonn\u00e9e p\u00e9destre et raquettes.<\/p>\n\n\n\n<p>Nous sommes adh\u00e9rents \u00e0 la\u00a0<strong>F\u00e9d\u00e9ration Fran\u00e7aise de la Randonn\u00e9e<\/strong>\u00a0<a href=\"https:\/\/www.ffrandonnee.fr\/\">https:\/\/www.ffrandonnee.fr\/<\/a> <img loading=\"lazy\" decoding=\"async\" width=\"150\" height=\"48\" class=\"wp-image-6591\" style=\"width: 150px;\" src=\"https:\/\/www.gieres-rando.fr\/wp-content\/uploads\/2025\/09\/Logo-Association-affiliee-CMJN-1.jpeg\" alt=\"\" srcset=\"https:\/\/www.gieres-rando.fr\/wp-content\/uploads\/2025\/09\/Logo-Association-affiliee-CMJN-1.jpeg 340w, https:\/\/www.gieres-rando.fr\/wp-content\/uploads\/2025\/09\/Logo-Association-affiliee-CMJN-1-300x96.jpeg 300w\" sizes=\"auto, (max-width: 150px) 100vw, 150px\" \/><\/p>\n\n\n\n<p>Ces sorties organis\u00e9es le jeudi sont encadr\u00e9es par un ou des accompagnateurs professionnels du Bureau des Guides et Accompagnateurs de Chamrousse avec qui nous collaborons et organisons nos programmes.<\/p>\n\n\n\n<p>Nous organisons \u00e9galement de courts s\u00e9jours en montagne ainsi que des sorties du type \u00ab&nbsp;clair de lune, sortie des rois, etc\u2026&nbsp;\u00bb<\/p>\n\n\n\n<p>Nos valeurs sont la convivialit\u00e9, tol\u00e9rance, bienveillance, entraide, respect mutuel et l\u2019amiti\u00e9.<\/p>\n\n\n\n<p>L&rsquo;association fonctionne au b\u00e9n\u00e9fice de tous gr\u00e2ce \u00e0 ses b\u00e9n\u00e9voles. Outre l\u2019adh\u00e9sion, une participation aux frais de chacune des activit\u00e9s pratiqu\u00e9es vous sera demand\u00e9e.&nbsp;<\/p>\n\n\n\n<p>Si\u00e8ge social :&nbsp;<a href=\"http:\/\/www.ville-gieres.fr\/annuaire\/gieres-randonnee\" target=\"_blank\" rel=\"noreferrer noopener\">Mairie de Gi\u00e8res, 5 rue Victor Hugo, 38610 GIERES<\/a><\/p>\n","protected":false},"excerpt":{"rendered":"<p>Association Gi\u00e8res Randonn\u00e9e N\u00b0 W381007459 Notre association est r\u00e9gie par la loi du 1er juillet 1901. Cr\u00e9\u00e9e en 1995&nbsp;l\u2019association Gi\u00e8res-Randonn\u00e9es propose des sorties de randonn\u00e9e&#8230;<\/p>\n","protected":false},"author":1,"featured_media":0,"parent":0,"menu_order":0,"comment_status":"closed","ping_status":"closed","template":"","meta":{"footnotes":""},"class_list":["post-47","page","type-page","status-publish","hentry"],"_links":{"self":[{"href":"https:\/\/www.gieres-rando.fr\/index.php\/wp-json\/wp\/v2\/pages\/47","targetHints":{"allow":["GET"]}}],"collection":[{"href":"https:\/\/www.gieres-rando.fr\/index.php\/wp-json\/wp\/v2\/pages"}],"about":[{"href":"https:\/\/www.gieres-rando.fr\/index.php\/wp-json\/wp\/v2\/types\/page"}],"author":[{"embeddable":true,"href":"https:\/\/www.gieres-rando.fr\/index.php\/wp-json\/wp\/v2\/users\/1"}],"replies":[{"embeddable":true,"href":"https:\/\/www.gieres-rando.fr\/index.php\/wp-json\/wp\/v2\/comments?post=47"}],"version-history":[{"count":11,"href":"https:\/\/www.gieres-rando.fr\/index.php\/wp-json\/wp\/v2\/pages\/47\/revisions"}],"predecessor-version":[{"id":6592,"href":"https:\/\/www.gieres-rando.fr\/index.php\/wp-json\/wp\/v2\/pages\/47\/revisions\/6592"}],"wp:attachment":[{"href":"https:\/\/www.gieres-rando.fr\/index.php\/wp-json\/wp\/v2\/media?parent=47"}],"curies":[{"name":"wp","href":"https:\/\/api.w.org\/{rel}","templated":true}]}}