{"id":353,"date":"2018-12-16T13:54:44","date_gmt":"2018-12-16T12:54:44","guid":{"rendered":"https:\/\/www.gieres-rando.fr\/index.php\/my-account-3\/"},"modified":"2019-01-19T11:48:43","modified_gmt":"2019-01-19T10:48:43","slug":"my-account-3","status":"publish","type":"page","link":"https:\/\/www.gieres-rando.fr\/index.php\/my-account-3\/","title":{"rendered":"Mon compte"},"content":{"rendered":"<div id=\"wpmem_login\"><a id=\"login\"><\/a><form action=\"https:\/\/www.gieres-rando.fr\/index.php\/my-account-3\/\" method=\"POST\" id=\"wpmem_login_form\" class=\"form\"><input type=\"hidden\" id=\"_wpmem_login_nonce\" name=\"_wpmem_login_nonce\" value=\"06e5eebba7\" \/><input type=\"hidden\" name=\"_wp_http_referer\" value=\"\/index.php\/wp-json\/wp\/v2\/pages\/353\" \/><fieldset><legend>Connexion pour les utilisateurs enregistr\u00e9s<\/legend><label for=\"log\">Identifiant ou e-mail<\/label><div class=\"div_text\"><input name=\"log\" type=\"text\" id=\"log\" value=\"\" class=\"username\" required  \/><\/div><label for=\"pwd\">Mot de passe<\/label><div class=\"div_text\"><input name=\"pwd\" type=\"password\" id=\"pwd\" class=\"password\" required  \/><\/div><input name=\"a\" type=\"hidden\" value=\"login\" \/><input name=\"redirect_to\" type=\"hidden\" value=\"https:\/\/www.gieres-rando.fr\/index.php\/my-account-3\/\" \/><div class=\"button_div\"><input name=\"rememberme\" type=\"checkbox\" id=\"rememberme\" value=\"forever\" \/>&nbsp;<label for=\"rememberme\">Se souvenir de moi<\/label>&nbsp;&nbsp;<input type=\"submit\" name=\"Submit\" value=\"Connexion\" class=\"buttons\" \/><\/div><div class=\"link-text\"><span class=\"link-text-forgot\">Mot de passe oubli\u00e9\u00a0?&nbsp;<a href=\"https:\/\/www.gieres-rando.fr\/index.php\/my-account-3\/?a=pwdreset\">Cliquez ici pour r\u00e9initialiser<\/a><\/span><\/div><\/fieldset><\/form><\/div><div id=\"wpmem_reg\"><a id=\"register\"><\/a><form name=\"form\" method=\"post\" action=\"https:\/\/www.gieres-rando.fr\/index.php\/my-account-3\/\" id=\"wpmem_register_form\" class=\"form\"><input type=\"hidden\" id=\"_wpmem_register_nonce\" name=\"_wpmem_register_nonce\" value=\"3146041830\" \/><input type=\"hidden\" name=\"_wp_http_referer\" value=\"\/index.php\/wp-json\/wp\/v2\/pages\/353\" \/><fieldset><legend>Nouvel utilisateur\u00a0?<\/legend><label for=\"username\" class=\"text\">Nom d&#039;utilisateur<span class=\"req\">*<\/span><\/label><div class=\"div_text\"><input name=\"username\" type=\"text\" id=\"username\" value=\"\" class=\"textbox\" required  \/><\/div><label for=\"last_name\" class=\"text\">Nom<span class=\"req\">*<\/span><\/label><div class=\"div_text\"><input name=\"last_name\" type=\"text\" id=\"last_name\" value=\"\" class=\"textbox\" required  \/><\/div><label for=\"first_name\" class=\"text\">Pr\u00e9nom<span class=\"req\">*<\/span><\/label><div class=\"div_text\"><input name=\"first_name\" type=\"text\" id=\"first_name\" value=\"\" class=\"textbox\" required  \/><\/div><label for=\"user_email\" class=\"text\">Email (Attention pour les couples l&#039;Email ne doit pas \u00eatre commun, entrer une adresse par personne)<span class=\"req\">*<\/span><\/label><div class=\"div_text\"><input name=\"user_email\" type=\"email\" id=\"user_email\" value=\"\" class=\"textbox\" required  \/><\/div><label for=\"billing_address_1\" class=\"text\">Adresse<span class=\"req\">*<\/span><\/label><div class=\"div_text\"><input name=\"billing_address_1\" type=\"text\" id=\"billing_address_1\" value=\"\" class=\"textbox\" required  \/><\/div><label for=\"billing_city\" class=\"text\">Ville<span class=\"req\">*<\/span><\/label><div class=\"div_text\"><input name=\"billing_city\" type=\"text\" id=\"billing_city\" value=\"\" class=\"textbox\" required  \/><\/div><label for=\"billing_postcode\" class=\"text\">Code postal<span class=\"req\">*<\/span><\/label><div class=\"div_text\"><input name=\"billing_postcode\" type=\"text\" id=\"billing_postcode\" value=\"\" class=\"textbox\" required  \/><\/div><label for=\"billing_phone\" class=\"text\">Tel mobile<span class=\"req\">*<\/span><\/label><div class=\"div_text\"><input name=\"billing_phone\" type=\"text\" id=\"billing_phone\" value=\"\" class=\"textbox\" placeholder=\"** ** ** ** **\" pattern=\"********\" required  \/><\/div><label for=\"Home_phone\" class=\"text\">Tel fixe<\/label><div class=\"div_text\"><input name=\"Home_phone\" type=\"text\" id=\"Home_phone\" value=\"\" class=\"textbox\" \/><\/div><label for=\"Date_birth\" class=\"date\">Date de naissance<span class=\"req\">*<\/span><\/label><div class=\"div_date\"><input name=\"Date_birth\" type=\"date\" id=\"Date_birth\" value=\"\" class=\"textbox\" required  \/><\/div><label for=\"username_1\" class=\"text\">Personne \u00e0 pr\u00e9venir en cas d&#039;accident Nom Pr\u00e9nom<span class=\"req\">*<\/span><\/label><div class=\"div_text\"><input name=\"username_1\" type=\"text\" id=\"username_1\" value=\"\" class=\"textbox\" required  \/><\/div><label for=\"billing_phone_1\" class=\"text\">T\u00e9l\u00e9phone personne \u00e0 pr\u00e9venir en cas d&#039;accident<span class=\"req\">*<\/span><\/label><div class=\"div_text\"><input name=\"billing_phone_1\" type=\"text\" id=\"billing_phone_1\" value=\"\" class=\"textbox\" required  \/><\/div><label for=\"description_3\" class=\"date\">Date du Certificat M\u00e9dical fourni<\/label><div class=\"div_date\"><input name=\"description_3\" type=\"date\" id=\"description_3\" value=\"\" class=\"textbox\" \/><\/div><label for=\"description_1\" class=\"text\">Adh\u00e9sion Licence FFR IRA ( mettre oui )<span class=\"req\">*<\/span><\/label><div class=\"div_text\"><input name=\"description_1\" type=\"text\" id=\"description_1\" value=\"\" class=\"textbox\" required  \/><\/div><label for=\"description_5\" class=\"text\">Num\u00e9ro Licence IRA FFRando<\/label><div class=\"div_text\"><input name=\"description_5\" type=\"text\" id=\"description_5\" value=\"\" class=\"textbox\" \/><\/div><label for=\"description_2\" class=\"text\">Accepte INFO FFRANDO (mettre OUI ou NON)<span class=\"req\">*<\/span><\/label><div class=\"div_text\"><input name=\"description_2\" type=\"text\" id=\"description_2\" value=\"\" class=\"textbox\" required  \/><\/div><label for=\"description_4\" class=\"text\">Accepte INFO Partenaire FFRANDO (mettre OUI ou NON)<span class=\"req\">*<\/span><\/label><div class=\"div_text\"><input name=\"description_4\" type=\"text\" id=\"description_4\" value=\"\" class=\"textbox\" required  \/><\/div><div class=\"clear\"><\/div><div class=\"captcha\"><script src=\"https:\/\/www.google.com\/recaptcha\/api.js\" async defer><\/script><div class=\"g-recaptcha\" data-sitekey=\"6LdsNYcUAAAAAHvHqsRSCuciLQpfaj2-YLLGU3YV\"><\/div><\/div><input name=\"a\" type=\"hidden\" value=\"register\" \/><input name=\"wpmem_reg_page\" type=\"hidden\" value=\"https:\/\/www.gieres-rando.fr\/index.php\/my-account-3\/\" \/><div class=\"button_div\"><input name=\"submit\" type=\"submit\" value=\"S\u2019inscrire\" class=\"buttons\" \/><\/div><div class=\"req-text\"><span class=\"req\">*<\/span>Champ requis<\/div><\/fieldset><\/form><\/div>\n\n\n<p><\/p>\n","protected":false},"excerpt":{"rendered":"","protected":false},"author":1,"featured_media":0,"parent":0,"menu_order":0,"comment_status":"closed","ping_status":"closed","template":"","meta":{"footnotes":""},"class_list":["post-353","page","type-page","status-publish","hentry"],"_links":{"self":[{"href":"https:\/\/www.gieres-rando.fr\/index.php\/wp-json\/wp\/v2\/pages\/353","targetHints":{"allow":["GET"]}}],"collection":[{"href":"https:\/\/www.gieres-rando.fr\/index.php\/wp-json\/wp\/v2\/pages"}],"about":[{"href":"https:\/\/www.gieres-rando.fr\/index.php\/wp-json\/wp\/v2\/types\/page"}],"author":[{"embeddable":true,"href":"https:\/\/www.gieres-rando.fr\/index.php\/wp-json\/wp\/v2\/users\/1"}],"replies":[{"embeddable":true,"href":"https:\/\/www.gieres-rando.fr\/index.php\/wp-json\/wp\/v2\/comments?post=353"}],"version-history":[{"count":2,"href":"https:\/\/www.gieres-rando.fr\/index.php\/wp-json\/wp\/v2\/pages\/353\/revisions"}],"predecessor-version":[{"id":626,"href":"https:\/\/www.gieres-rando.fr\/index.php\/wp-json\/wp\/v2\/pages\/353\/revisions\/626"}],"wp:attachment":[{"href":"https:\/\/www.gieres-rando.fr\/index.php\/wp-json\/wp\/v2\/media?parent=353"}],"curies":[{"name":"wp","href":"https:\/\/api.w.org\/{rel}","templated":true}]}}