{"id":237,"date":"2018-12-15T16:55:16","date_gmt":"2018-12-15T15:55:16","guid":{"rendered":"http:\/\/localhost\/WP\/my-account\/"},"modified":"2024-08-09T10:13:13","modified_gmt":"2024-08-09T08:13:13","slug":"my-account","status":"publish","type":"page","link":"https:\/\/www.gieres-rando.fr\/index.php\/vous-connecter\/my-account\/","title":{"rendered":"Adh\u00e9sion \u00e0 Gi\u00e8res Randonn\u00e9es"},"content":{"rendered":"<div id=\"wpmem_reg\"><a id=\"register\"><\/a><form name=\"form\" method=\"post\" action=\"https:\/\/www.gieres-rando.fr\/index.php\/vous-connecter\/my-account\/\" id=\"wpmem_register_form\" class=\"form\"><input type=\"hidden\" id=\"_wpmem_register_nonce\" name=\"_wpmem_register_nonce\" value=\"3146041830\" \/><input type=\"hidden\" name=\"_wp_http_referer\" value=\"\/index.php\/wp-json\/wp\/v2\/pages\/237\" \/><fieldset><legend>Nouvel utilisateur\u00a0?<\/legend><label for=\"username\" class=\"text\">Nom d&#039;utilisateur<span class=\"req\">*<\/span><\/label><div class=\"div_text\"><input name=\"username\" type=\"text\" id=\"username\" value=\"\" class=\"textbox\" required  \/><\/div><label for=\"last_name\" class=\"text\">Nom<span class=\"req\">*<\/span><\/label><div class=\"div_text\"><input name=\"last_name\" type=\"text\" id=\"last_name\" value=\"\" class=\"textbox\" required  \/><\/div><label for=\"first_name\" class=\"text\">Pr\u00e9nom<span class=\"req\">*<\/span><\/label><div class=\"div_text\"><input name=\"first_name\" type=\"text\" id=\"first_name\" value=\"\" class=\"textbox\" required  \/><\/div><label for=\"user_email\" class=\"text\">Email (Attention pour les couples l&#039;Email ne doit pas \u00eatre commun, entrer une adresse par personne)<span class=\"req\">*<\/span><\/label><div class=\"div_text\"><input name=\"user_email\" type=\"email\" id=\"user_email\" value=\"\" class=\"textbox\" required  \/><\/div><label for=\"billing_address_1\" class=\"text\">Adresse<span class=\"req\">*<\/span><\/label><div class=\"div_text\"><input name=\"billing_address_1\" type=\"text\" id=\"billing_address_1\" value=\"\" class=\"textbox\" required  \/><\/div><label for=\"billing_city\" class=\"text\">Ville<span class=\"req\">*<\/span><\/label><div class=\"div_text\"><input name=\"billing_city\" type=\"text\" id=\"billing_city\" value=\"\" class=\"textbox\" required  \/><\/div><label for=\"billing_postcode\" class=\"text\">Code postal<span class=\"req\">*<\/span><\/label><div class=\"div_text\"><input name=\"billing_postcode\" type=\"text\" id=\"billing_postcode\" value=\"\" class=\"textbox\" required  \/><\/div><label for=\"billing_phone\" class=\"text\">Tel mobile<span class=\"req\">*<\/span><\/label><div class=\"div_text\"><input name=\"billing_phone\" type=\"text\" id=\"billing_phone\" value=\"\" class=\"textbox\" placeholder=\"** ** ** ** **\" pattern=\"********\" required  \/><\/div><label for=\"Home_phone\" class=\"text\">Tel fixe<\/label><div class=\"div_text\"><input name=\"Home_phone\" type=\"text\" id=\"Home_phone\" value=\"\" class=\"textbox\" \/><\/div><label for=\"Date_birth\" class=\"date\">Date de naissance<span class=\"req\">*<\/span><\/label><div class=\"div_date\"><input name=\"Date_birth\" type=\"date\" id=\"Date_birth\" value=\"\" class=\"textbox\" required  \/><\/div><label for=\"username_1\" class=\"text\">Personne \u00e0 pr\u00e9venir en cas d&#039;accident Nom Pr\u00e9nom<span class=\"req\">*<\/span><\/label><div class=\"div_text\"><input name=\"username_1\" type=\"text\" id=\"username_1\" value=\"\" class=\"textbox\" required  \/><\/div><label for=\"billing_phone_1\" class=\"text\">T\u00e9l\u00e9phone personne \u00e0 pr\u00e9venir en cas d&#039;accident<span class=\"req\">*<\/span><\/label><div class=\"div_text\"><input name=\"billing_phone_1\" type=\"text\" id=\"billing_phone_1\" value=\"\" class=\"textbox\" required  \/><\/div><label for=\"description_3\" class=\"date\">Date du Certificat M\u00e9dical fourni<\/label><div class=\"div_date\"><input name=\"description_3\" type=\"date\" id=\"description_3\" value=\"\" class=\"textbox\" \/><\/div><label for=\"description_1\" class=\"text\">Adh\u00e9sion Licence FFR IRA ( mettre oui )<span class=\"req\">*<\/span><\/label><div class=\"div_text\"><input name=\"description_1\" type=\"text\" id=\"description_1\" value=\"\" class=\"textbox\" required  \/><\/div><label for=\"description_5\" class=\"text\">Num\u00e9ro Licence IRA FFRando<\/label><div class=\"div_text\"><input name=\"description_5\" type=\"text\" id=\"description_5\" value=\"\" class=\"textbox\" \/><\/div><label for=\"description_2\" class=\"text\">Accepte INFO FFRANDO (mettre OUI ou NON)<span class=\"req\">*<\/span><\/label><div class=\"div_text\"><input name=\"description_2\" type=\"text\" id=\"description_2\" value=\"\" class=\"textbox\" required  \/><\/div><label for=\"description_4\" class=\"text\">Accepte INFO Partenaire FFRANDO (mettre OUI ou NON)<span class=\"req\">*<\/span><\/label><div class=\"div_text\"><input name=\"description_4\" type=\"text\" id=\"description_4\" value=\"\" class=\"textbox\" required  \/><\/div><div class=\"clear\"><\/div><div class=\"captcha\"><script src=\"https:\/\/www.google.com\/recaptcha\/api.js\" async defer><\/script><div class=\"g-recaptcha\" data-sitekey=\"6LdsNYcUAAAAAHvHqsRSCuciLQpfaj2-YLLGU3YV\"><\/div><\/div><input name=\"a\" type=\"hidden\" value=\"register\" \/><input name=\"wpmem_reg_page\" type=\"hidden\" value=\"https:\/\/www.gieres-rando.fr\/index.php\/vous-connecter\/my-account\/\" \/><div class=\"button_div\"><input name=\"submit\" type=\"submit\" value=\"S\u2019inscrire\" class=\"buttons\" \/><\/div><div class=\"req-text\"><span class=\"req\">*<\/span>Champ requis<\/div><\/fieldset><\/form><\/div>\n\n\n<p><\/p>\n","protected":false},"excerpt":{"rendered":"","protected":false},"author":1,"featured_media":0,"parent":368,"menu_order":0,"comment_status":"closed","ping_status":"closed","template":"","meta":{"footnotes":""},"class_list":["post-237","page","type-page","status-publish","hentry"],"_links":{"self":[{"href":"https:\/\/www.gieres-rando.fr\/index.php\/wp-json\/wp\/v2\/pages\/237","targetHints":{"allow":["GET"]}}],"collection":[{"href":"https:\/\/www.gieres-rando.fr\/index.php\/wp-json\/wp\/v2\/pages"}],"about":[{"href":"https:\/\/www.gieres-rando.fr\/index.php\/wp-json\/wp\/v2\/types\/page"}],"author":[{"embeddable":true,"href":"https:\/\/www.gieres-rando.fr\/index.php\/wp-json\/wp\/v2\/users\/1"}],"replies":[{"embeddable":true,"href":"https:\/\/www.gieres-rando.fr\/index.php\/wp-json\/wp\/v2\/comments?post=237"}],"version-history":[{"count":3,"href":"https:\/\/www.gieres-rando.fr\/index.php\/wp-json\/wp\/v2\/pages\/237\/revisions"}],"predecessor-version":[{"id":1199,"href":"https:\/\/www.gieres-rando.fr\/index.php\/wp-json\/wp\/v2\/pages\/237\/revisions\/1199"}],"up":[{"embeddable":true,"href":"https:\/\/www.gieres-rando.fr\/index.php\/wp-json\/wp\/v2\/pages\/368"}],"wp:attachment":[{"href":"https:\/\/www.gieres-rando.fr\/index.php\/wp-json\/wp\/v2\/media?parent=237"}],"curies":[{"name":"wp","href":"https:\/\/api.w.org\/{rel}","templated":true}]}}