{"id":1956,"date":"2020-11-18T16:30:18","date_gmt":"2020-11-18T15:30:18","guid":{"rendered":"https:\/\/www.gieres-rando.fr\/?page_id=1956"},"modified":"2023-02-27T18:06:18","modified_gmt":"2023-02-27T17:06:18","slug":"videos_dev","status":"publish","type":"page","link":"https:\/\/www.gieres-rando.fr\/index.php\/videos_dev\/","title":{"rendered":"Vid\u00e9os"},"content":{"rendered":"Vous devez \u00eatre connect\u00e9 pour voir ce contenu.","protected":false},"excerpt":{"rendered":"Vous devez \u00eatre connect\u00e9 pour voir ce contenu.","protected":false},"author":2,"featured_media":0,"parent":0,"menu_order":0,"comment_status":"closed","ping_status":"closed","template":"","meta":{"footnotes":""},"class_list":["post-1956","page","type-page","status-publish","hentry"],"_links":{"self":[{"href":"https:\/\/www.gieres-rando.fr\/index.php\/wp-json\/wp\/v2\/pages\/1956","targetHints":{"allow":["GET"]}}],"collection":[{"href":"https:\/\/www.gieres-rando.fr\/index.php\/wp-json\/wp\/v2\/pages"}],"about":[{"href":"https:\/\/www.gieres-rando.fr\/index.php\/wp-json\/wp\/v2\/types\/page"}],"author":[{"embeddable":true,"href":"https:\/\/www.gieres-rando.fr\/index.php\/wp-json\/wp\/v2\/users\/2"}],"replies":[{"embeddable":true,"href":"https:\/\/www.gieres-rando.fr\/index.php\/wp-json\/wp\/v2\/comments?post=1956"}],"version-history":[{"count":92,"href":"https:\/\/www.gieres-rando.fr\/index.php\/wp-json\/wp\/v2\/pages\/1956\/revisions"}],"predecessor-version":[{"id":3818,"href":"https:\/\/www.gieres-rando.fr\/index.php\/wp-json\/wp\/v2\/pages\/1956\/revisions\/3818"}],"wp:attachment":[{"href":"https:\/\/www.gieres-rando.fr\/index.php\/wp-json\/wp\/v2\/media?parent=1956"}],"curies":[{"name":"wp","href":"https:\/\/api.w.org\/{rel}","templated":true}]}}